{"id":45,"date":"2021-06-01T11:39:52","date_gmt":"2021-06-01T09:39:52","guid":{"rendered":"http:\/\/goikoerrota.eus\/?page_id=45"},"modified":"2021-09-09T16:52:51","modified_gmt":"2021-09-09T14:52:51","slug":"politica-de-cookies","status":"publish","type":"page","link":"https:\/\/goikoerrota.eus\/es\/politica-de-cookies\/","title":{"rendered":"Pol\u00edtica de cookies"},"content":{"rendered":"<h1 class=\"p1\"><span class=\"s1\"><b>POL\u00cdTICA DE COOKIES<\/b><\/span><\/h1>\n<p class=\"p2\">Se informa al Usuario de que este goikoerrota.eus utiliza cookies y tecnolog\u00edas similares. Las cookies son peque\u00f1os ficheros de datos que se colocan en el dispositivo del Usuario y que permiten el almacenamiento de informaci\u00f3n relacionada con la navegaci\u00f3n realizada. En particular, las cookies permiten a este goikoerrota.eus conocer, entre otra, la siguiente informaci\u00f3n:<\/p>\n<ul class=\"ul1\">\n<li class=\"li3\"><span class=\"s3\">La fecha y hora de la \u00faltima vez que el Usuario visit\u00f3 el goikoerrota.eus;<\/span><\/li>\n<li class=\"li3\"><span class=\"s3\">El dise\u00f1o de contenidos que el Usuario escogi\u00f3 en su primera visita al goikoerrota.eus;<\/span><\/li>\n<li class=\"li3\"><span class=\"s3\">Elementos de seguridad que interviene en el control de acceso a las \u00e1reas restringidas. El Usuario tiene la opci\u00f3n de impedir la generaci\u00f3n de cookies, mediante la selecci\u00f3n de la correspondiente opci\u00f3n en su programa Navegador.<\/span><\/li>\n<\/ul>\n<p class=\"p4\">Las Cookies permiten a goikoerrota.eus, entre otras cosas, almacenar y retener informaci\u00f3n sobre los h\u00e1bitos de navegaci\u00f3n de los Usuarios o de sus dispositivos y, dependiendo de la informaci\u00f3n en ellos contenida y del uso que est\u00e9n haciendo de los dispositivos, pueden ser utilizadas para reconocer al Usuario.<\/p>\n<h2 class=\"p5\"><span class=\"s1\">\u00bfQU\u00c9 COOKIES UTILIZAMOS?<\/span><\/h2>\n<ul class=\"ul1\">\n<li class=\"li3\"><span class=\"s3\">Cookies de sesi\u00f3n: Son un tipo de cookies dise\u00f1adas para recabar y almacenar datos mientras el usuario accede a una p\u00e1gina web. Permite controlar la sesi\u00f3n del usuario en la web que soporta la web corporativa. Son cookies temporales que permanecen en el archivo de cookies de su navegador hasta que abandone la p\u00e1gina web, por lo que ninguna queda registrada en el disco duro del usuario. Estas cookies no recogen ninguna informaci\u00f3n sobre su navegaci\u00f3n que pueda ser utilizada por acciones de marketing o para recordar por qu\u00e9 p\u00e1ginas ha navegado.<\/span><\/li>\n<li class=\"li6\"><span class=\"s3\">Cookies de an\u00e1lisis: Son aqu\u00e9llas que nos permiten cuantificar el n\u00famero de usuarios y as\u00ed realizar la medici\u00f3n y an\u00e1lisis de la utilizaci\u00f3n que hacen del servicio ofertado. Los fines son puramente estad\u00edsticos y nos sirven para poder mejorar nuestros contenidos.<\/span><\/li>\n<\/ul>\n<h2 class=\"p7\"><span class=\"s1\">TIPOS POSIBLES DE COOKIES<\/span><\/h2>\n<ul class=\"ul1\">\n<li class=\"li3\"><span class=\"s3\">Cookies de sesi\u00f3n: Son un tipo de cookies dise\u00f1adas para recabar y almacenar datos mientras el usuario accede a una p\u00e1gina web, y no queda registrada en el disco del usuario.<\/span><\/li>\n<li class=\"li3\"><span class=\"s3\">Cookies persistentes: Son un tipo de cookies en el que los datos siguen almacenados en el terminal y pueden ser accedidos y tratados durante un periodo definido por el responsable de la cookie, y que puede ir de unos minutos a varios a\u00f1os.<\/span><\/li>\n<\/ul>\n<p class=\"p2\">Las cookies tambi\u00e9n pueden ser:<\/p>\n<ul class=\"ul1\">\n<li class=\"li3\"><span class=\"s3\">Propias: son cookies generadas por la propia p\u00e1gina web que se est\u00e1 visitando.<\/span><\/li>\n<li class=\"li3\"><span class=\"s3\">De terceros: son cookies que se reciben al navegar por esa p\u00e1gina web, pero que han sido generadas por un tercer servicio que se encuentra hospedado en ella.<\/span><\/li>\n<\/ul>\n<p class=\"p2\">El goikoerrota.eus utiliza cookies de terceros. En concreto, utiliza las siguientes cookies de terceros:<\/p>\n<table class=\"t1\" cellspacing=\"0\" cellpadding=\"0\">\n<tbody>\n<tr>\n<td class=\"td1\" valign=\"top\">\n<p class=\"p8\"><b>Nombre<\/b><\/p>\n<\/td>\n<td class=\"td2\" valign=\"top\">\n<p class=\"p8\"><b>Origen<\/b><\/p>\n<\/td>\n<td class=\"td3\" valign=\"top\">\n<p class=\"p8\"><b>Finalidad<\/b><\/p>\n<\/td>\n<td class=\"td4\" valign=\"top\">\n<p class=\"p8\"><b>Duraci\u00f3n<\/b><\/p>\n<\/td>\n<td class=\"td5\" valign=\"top\">\n<p class=\"p8\"><b>Para m\u00e1s informaci\u00f3n\u2026<\/b><\/p>\n<\/td>\n<\/tr>\n<tr>\n<td class=\"td26\" valign=\"top\">\n<p class=\"p8\"><i>__utma, __utmb, __utmc, __utmt, __utmv, __utmz<\/i><\/p>\n<\/td>\n<td class=\"td27\" valign=\"top\">\n<p class=\"p8\">Sitio web<\/p>\n<\/td>\n<td class=\"td28\" valign=\"top\">\n<p class=\"p8\">Usado para an\u00e1lisis de navegaci\u00f3n y uso<\/p>\n<\/td>\n<td class=\"td29\" valign=\"top\">\n<p class=\"p8\">__utma: 2 a\u00f1os, __utmb: 30 minutos, __utmc: al finalizar la sesi\u00f3n, __utmt: 20 minutos, __utmv: 1 segundo, __utmz: 6 meses<\/p>\n<\/td>\n<td class=\"td30\" valign=\"top\"><\/td>\n<\/tr>\n<\/tbody>\n<\/table>\n<h2 class=\"p5\"><span class=\"s1\">FINES DE LAS COOKIES<\/span><\/h2>\n<ul class=\"ul1\">\n<li class=\"li3\"><span class=\"s3\">Fines t\u00e9cnicos: Son necesarias para el funcionamiento de la p\u00e1gina web. Son las denominadas tambi\u00e9n estrictamente necesarias. Hacen posible el control de tr\u00e1fico desde el servidor a m\u00faltiples usuarios a la vez, la identificaci\u00f3n y el acceso como usuario del sistema, etc.<\/span><\/li>\n<li class=\"li3\"><span class=\"s3\">Personalizaci\u00f3n: Hacen posible que cada usuario pueda configurar aspectos como el lenguaje en el que desea ver la p\u00e1gina web o la configuraci\u00f3n regional.<\/span><\/li>\n<li class=\"li3\"><span class=\"s3\">An\u00e1lisis o rendimiento: Permiten medir el n\u00famero de visitas y criterios de navegaci\u00f3n de diferentes \u00e1reas de la web de forma an\u00f3nima.<\/span><\/li>\n<li class=\"li3\"><span class=\"s3\">Publicidad: Permiten implementar par\u00e1metros de eficiencia en la publicidad ofrecida en las p\u00e1ginas web.<\/span><\/li>\n<li class=\"li6\"><span class=\"s3\">Publicidad comportamental: Permiten implementar par\u00e1metros de eficiencia en la publicidad ofrecida en las p\u00e1ginas web, basados en informaci\u00f3n sobre el comportamiento de los usuarios.<\/span><\/li>\n<\/ul>\n<h2 class=\"p5\"><span class=\"s1\">C\u00d3MO MODIFICAR LA CONFIGURACI\u00d3N DE LAS COOKIES<\/span><\/h2>\n<p class=\"p4\">Usted puede restringir, bloquear o borrar las cookies de esta p\u00e1gina web o cualquier otra p\u00e1gina web, utilizando su navegador. En cada navegador la operativa es diferente, la funci\u00f3n de \u2018Ayuda\u201d le mostrar\u00e1 c\u00f3mo hacerlo.<\/p>\n<h2 class=\"p5\"><span class=\"s1\">C\u00d3MO DESINSTALAR COOKIES<\/span><\/h2>\n<p class=\"p2\">Si quieres borrar de tu navegador las cookies registradas por goikoerrota.eus, aqu\u00ed tienes enlaces a instrucciones para distintos navegadores:<\/p>\n<ul class=\"ul1\">\n<li class=\"li10\"><span class=\"s5\">Internet Explorer:\u00a0<a href=\"http:\/\/windows.microsoft.com\/es-es\/internet-explorer\/delete-manage-cookies\"><span class=\"s6\">http:\/\/windows.microsoft.com\/es-es\/internet-explorer\/delete-manage-<\/span><\/a>cookies<\/span><\/li>\n<li class=\"li10\"><span class=\"s5\">Google Chrome:\u00a0<a href=\"https:\/\/support.google.com\/chrome\/answer\/95647\"><span class=\"s6\">https:\/\/support.google.com\/chrome\/answer\/95647<\/span><\/a><\/span><\/li>\n<li class=\"li10\"><span class=\"s5\">Firefox:\u00a0<a href=\"https:\/\/support.mozilla.org\/es\/kb\/Borrar%2520cookies\"><span class=\"s6\">https:\/\/support.mozilla.org\/es\/kb\/Borrar%20cookies<\/span><\/a><\/span><\/li>\n<li class=\"li6\"><span class=\"s3\">Safari:\u00a0<a href=\"https:\/\/support.apple.com\/es-es\/HT201265\"><span class=\"s6\">https:\/\/support.apple.com\/es-es\/HT201265<\/span><\/a>. Entra al men\u00faSafari &gt; Preferencias. En la secci\u00f3n Privacidad, pulsa el bot\u00f3n Detalles Selecciona el goikoerrota.eus que almacena cookies y pulsa Eliminar, o pulsa <b>Eliminar Todos<\/b>\u00a0para borrar todas las cookies.<span class=\"Apple-converted-space\">\u00a0 \u00a0 \u00a0 \u00a0 \u00a0 \u00a0 \u00a0<\/span><\/span><\/li>\n<\/ul>\n<h2 class=\"p5\"><span class=\"s1\">MODIFICACIONES<span class=\"Apple-converted-space\">\u00a0 \u00a0 \u00a0<\/span><\/span><\/h2>\n<p class=\"p2\">La p\u00e1gina WEB goikoerrota.eus\u00a0titularidad de\u00a0<b>Goiko errota <\/b>puede modificar esta pol\u00edtica de cookies en funci\u00f3n de las exigencias legales. O con la finalidad de adaptar dicha pol\u00edtica a las instrucciones dictadas por la Agencia Espa\u00f1ola de Protecci\u00f3n de Datos.<\/p>\n<p class=\"p2\">Por esta raz\u00f3n, aconsejamos a los usuarios que la visiten peri\u00f3dicamente. Cuando se produzcan cambios significativos en esta pol\u00edtica de cookies, se comunicar\u00e1n a los usuarios, bien mediante la web o a trav\u00e9s de correo electr\u00f3nico a los usuarios registrados.<\/p>\n","protected":false},"excerpt":{"rendered":"<p>POL\u00cdTICA DE COOKIES Se informa al Usuario de que este goikoerrota.eus utiliza cookies y tecnolog\u00edas similares. Las cookies son peque\u00f1os ficheros de datos que se colocan en el dispositivo del&#8230;<\/p>\n","protected":false},"author":1,"featured_media":0,"parent":0,"menu_order":0,"comment_status":"closed","ping_status":"closed","template":"","meta":[],"yoast_head":"<!-- This site is optimized with the Yoast SEO plugin v20.7 - https:\/\/yoast.com\/wordpress\/plugins\/seo\/ -->\n<title>Pol\u00edtica de cookies - Goiko Errota<\/title>\n<meta name=\"robots\" content=\"noindex, nofollow\" \/>\n<meta property=\"og:locale\" content=\"es_ES\" \/>\n<meta property=\"og:type\" content=\"article\" \/>\n<meta property=\"og:title\" content=\"Pol\u00edtica de cookies - Goiko Errota\" \/>\n<meta property=\"og:description\" content=\"POL\u00cdTICA DE COOKIES Se informa al Usuario de que este goikoerrota.eus utiliza cookies y tecnolog\u00edas similares. Las cookies son peque\u00f1os ficheros de datos que se colocan en el dispositivo del...\" \/>\n<meta property=\"og:url\" content=\"https:\/\/goikoerrota.eus\/es\/politica-de-cookies\/\" \/>\n<meta property=\"og:site_name\" content=\"Goiko Errota\" \/>\n<meta property=\"article:modified_time\" content=\"2021-09-09T14:52:51+00:00\" \/>\n<meta name=\"twitter:card\" content=\"summary_large_image\" \/>\n<meta name=\"twitter:label1\" content=\"Tiempo de lectura\" \/>\n\t<meta name=\"twitter:data1\" content=\"4 minutos\" \/>\n<script type=\"application\/ld+json\" class=\"yoast-schema-graph\">{\"@context\":\"https:\/\/schema.org\",\"@graph\":[{\"@type\":\"WebPage\",\"@id\":\"https:\/\/goikoerrota.eus\/es\/politica-de-cookies\/\",\"url\":\"https:\/\/goikoerrota.eus\/es\/politica-de-cookies\/\",\"name\":\"Pol\u00edtica de cookies - Goiko Errota\",\"isPartOf\":{\"@id\":\"https:\/\/goikoerrota.eus\/#website\"},\"datePublished\":\"2021-06-01T09:39:52+00:00\",\"dateModified\":\"2021-09-09T14:52:51+00:00\",\"breadcrumb\":{\"@id\":\"https:\/\/goikoerrota.eus\/es\/politica-de-cookies\/#breadcrumb\"},\"inLanguage\":\"es\",\"potentialAction\":[{\"@type\":\"ReadAction\",\"target\":[\"https:\/\/goikoerrota.eus\/es\/politica-de-cookies\/\"]}]},{\"@type\":\"BreadcrumbList\",\"@id\":\"https:\/\/goikoerrota.eus\/es\/politica-de-cookies\/#breadcrumb\",\"itemListElement\":[{\"@type\":\"ListItem\",\"position\":1,\"name\":\"Home\",\"item\":\"https:\/\/goikoerrota.eus\/es\/\"},{\"@type\":\"ListItem\",\"position\":2,\"name\":\"Pol\u00edtica de cookies\"}]},{\"@type\":\"WebSite\",\"@id\":\"https:\/\/goikoerrota.eus\/#website\",\"url\":\"https:\/\/goikoerrota.eus\/\",\"name\":\"Goiko Errota\",\"description\":\"Landetxea, plan onena pausu batera dago!\",\"potentialAction\":[{\"@type\":\"SearchAction\",\"target\":{\"@type\":\"EntryPoint\",\"urlTemplate\":\"https:\/\/goikoerrota.eus\/?s={search_term_string}\"},\"query-input\":\"required name=search_term_string\"}],\"inLanguage\":\"es\"}]}<\/script>\n<!-- \/ Yoast SEO plugin. -->","yoast_head_json":{"title":"Pol\u00edtica de cookies - Goiko Errota","robots":{"index":"noindex","follow":"nofollow"},"og_locale":"es_ES","og_type":"article","og_title":"Pol\u00edtica de cookies - Goiko Errota","og_description":"POL\u00cdTICA DE COOKIES Se informa al Usuario de que este goikoerrota.eus utiliza cookies y tecnolog\u00edas similares. Las cookies son peque\u00f1os ficheros de datos que se colocan en el dispositivo del...","og_url":"https:\/\/goikoerrota.eus\/es\/politica-de-cookies\/","og_site_name":"Goiko Errota","article_modified_time":"2021-09-09T14:52:51+00:00","twitter_card":"summary_large_image","twitter_misc":{"Tiempo de lectura":"4 minutos"},"schema":{"@context":"https:\/\/schema.org","@graph":[{"@type":"WebPage","@id":"https:\/\/goikoerrota.eus\/es\/politica-de-cookies\/","url":"https:\/\/goikoerrota.eus\/es\/politica-de-cookies\/","name":"Pol\u00edtica de cookies - Goiko Errota","isPartOf":{"@id":"https:\/\/goikoerrota.eus\/#website"},"datePublished":"2021-06-01T09:39:52+00:00","dateModified":"2021-09-09T14:52:51+00:00","breadcrumb":{"@id":"https:\/\/goikoerrota.eus\/es\/politica-de-cookies\/#breadcrumb"},"inLanguage":"es","potentialAction":[{"@type":"ReadAction","target":["https:\/\/goikoerrota.eus\/es\/politica-de-cookies\/"]}]},{"@type":"BreadcrumbList","@id":"https:\/\/goikoerrota.eus\/es\/politica-de-cookies\/#breadcrumb","itemListElement":[{"@type":"ListItem","position":1,"name":"Home","item":"https:\/\/goikoerrota.eus\/es\/"},{"@type":"ListItem","position":2,"name":"Pol\u00edtica de cookies"}]},{"@type":"WebSite","@id":"https:\/\/goikoerrota.eus\/#website","url":"https:\/\/goikoerrota.eus\/","name":"Goiko Errota","description":"Landetxea, plan onena pausu batera dago!","potentialAction":[{"@type":"SearchAction","target":{"@type":"EntryPoint","urlTemplate":"https:\/\/goikoerrota.eus\/?s={search_term_string}"},"query-input":"required name=search_term_string"}],"inLanguage":"es"}]}},"_links":{"self":[{"href":"https:\/\/goikoerrota.eus\/es\/wp-json\/wp\/v2\/pages\/45"}],"collection":[{"href":"https:\/\/goikoerrota.eus\/es\/wp-json\/wp\/v2\/pages"}],"about":[{"href":"https:\/\/goikoerrota.eus\/es\/wp-json\/wp\/v2\/types\/page"}],"author":[{"embeddable":true,"href":"https:\/\/goikoerrota.eus\/es\/wp-json\/wp\/v2\/users\/1"}],"replies":[{"embeddable":true,"href":"https:\/\/goikoerrota.eus\/es\/wp-json\/wp\/v2\/comments?post=45"}],"version-history":[{"count":2,"href":"https:\/\/goikoerrota.eus\/es\/wp-json\/wp\/v2\/pages\/45\/revisions"}],"predecessor-version":[{"id":741,"href":"https:\/\/goikoerrota.eus\/es\/wp-json\/wp\/v2\/pages\/45\/revisions\/741"}],"wp:attachment":[{"href":"https:\/\/goikoerrota.eus\/es\/wp-json\/wp\/v2\/media?parent=45"}],"curies":[{"name":"wp","href":"https:\/\/api.w.org\/{rel}","templated":true}]}}